{"id":10291,"date":"2021-01-21T06:19:41","date_gmt":"2021-01-21T06:19:41","guid":{"rendered":"http:\/\/localhost\/roxien\/?page_id=10291"},"modified":"2025-01-30T18:15:25","modified_gmt":"2025-01-30T15:15:25","slug":"portfolio-4column","status":"publish","type":"page","link":"https:\/\/alternatifmermer.com.tr\/index.php\/portfolio-4column\/","title":{"rendered":"\u00dcR\u00dcNLER\u0130M\u0130Z"},"content":{"rendered":"\t\t<div data-elementor-type=\"wp-page\" data-elementor-id=\"10291\" class=\"elementor elementor-10291\" data-elementor-post-type=\"page\">\n\t\t\t\t\t\t<section class=\"elementor-section elementor-top-section elementor-element elementor-element-6af4616 elementor-section-full_width elementor-section-height-default elementor-section-height-default\" data-id=\"6af4616\" data-element_type=\"section\">\n\t\t\t\t\t\t<div class=\"elementor-container elementor-column-gap-default\">\n\t\t\t\t\t<div class=\"elementor-column elementor-col-100 elementor-top-column elementor-element elementor-element-b0669ad\" data-id=\"b0669ad\" data-element_type=\"column\">\n\t\t\t<div class=\"elementor-widget-wrap elementor-element-populated\">\n\t\t\t\t\t\t<div class=\"elementor-element elementor-element-85490cb poket-star-rating--align-center elementor-widget elementor-widget-witr_section_title\" data-id=\"85490cb\" data-element_type=\"widget\" data-widget_type=\"witr_section_title.default\">\n\t\t\t\t<div class=\"elementor-widget-container\">\n\t\t\t\t\t\t\t\t\t\t<!-- title center -->\n\t\t\t\t\t<div class=\"witr_section_title\">\n\t\t\t\t\t\t<div class=\"witr_section_title_inner text-center\">\n\n\t\t\t\t\t\t\t<!-- icon position -->\n\t\t\t\t\t\t\t\t\n\t\t\t\t\t\t\t<!-- end icon position -->\n\t\t\t\t\t\t\t\n\t\t\t\t\t\t\n\t\t\t\t\t\t\t<!-- title top -->\n\t\t\t\t\t\t\t\t\t\t\t\t\t\t\t<h2>Projeleriniz \u0130\u00e7in \u00d6zel Mermer \u00c7\u00f6z\u00fcmleri<\/h2>\t\t\n\t\t\t\t\t\t\t\n\n\t\t\t\t\t\t\t<!-- icon position -->\n\t\t\t\t\t\t\t\t\n\t\t\t\t\t\t\t<!-- end icon position -->\n\n\n\t\t\t\t\t\t\t\n\t\t\t\t\t\t\t<!-- title middle -->\n\t\t\t\t\t\t\t\t\t\t\t\t\t\t\t<h3>Mek\u00e2nlar\u0131n\u0131za De\u011fer Katan Mermer Se\u00e7enekleri<\/h3>\t\t\n\t\t\t\t\t\t\t\t\t\t\t\t\t\t<!-- title bottom -->\n\t\t\t\t\t\t\t\n\t\t\t\t\t\t\t\n\t\t\t\t\t\t\t\n\t\t\t\t\t\t\t\t\t\t\t\t\t\t\n\t\t\t\t\t\t\t<!-- image -->\n\t\t\t\t\t\t\t\t\t\t\t\t\t\t<!-- icon -->\n\t\t\t\t\t\t\t\t\t\t\t\t\t\t\n\t\t\t\t\t\t\t<!-- bar -->\n\t\t\t\t\t\t\t\t\t\t\t\t\t\t<!-- circle bar -->\n\t\t\t\t\t\t\t\t\t\t\t\t\t\t\n\t\t\t\t\t\t\t\t\n\t\t\t\t\t\t\t\n\n\t\t\t\t\t\t\t\n\t\t\t\t\t\t\t<!-- content -->\n\t\t\t\t\t\t\t\t\t\t\t\t\t\t\n\t\t\t\t\t\t<\/div>\n\t\t\t\t\t\t\t<!-- inner title -->\n\t\t\t\t\t\t\t\t\t\t\t\t\t\n\t\t\t\t\t<\/div>\n\n\t\t\t\t\t\t\t\t<\/div>\n\t\t\t\t<\/div>\n\t\t\t\t<div class=\"elementor-element elementor-element-000fac6 wittr_pfilter_menu--align-center elementor-widget elementor-widget-witr_portfolio_section\" data-id=\"000fac6\" data-element_type=\"widget\" data-widget_type=\"witr_portfolio_section.default\">\n\t\t\t\t<div class=\"elementor-widget-container\">\n\t\t\t\t\t\t\t\t\t\n\t\t<div class=\"clearfix row kicuakta\">\n\t\t\t<div class=\"col-md-12\">\n\t\t\t\t<div class=\"portfolio_nav  wittr_pfilter_menu\">\n\t\t\t\t\t<ul id=\"filter\" class=\"filter_menu \">\n\t\t\t\t\t\t<li class=\"current_menu_item\" data-filter=\"*\" >T\u00dcM\u00dc<\/li>\n\t\t\t\t\t\t\t\t\t\t\t\t\t<li   data-filter=\".mermer-urunlerimiz\">Mermer \u00dcr\u00fcnlerimiz<\/li>\n\t\t\t\t\t\t\t\t\t\t\t<\/ul>\n\t\t\t\t<\/div>\n\t\t\t<\/div>\t\t\t\t\n\t\t<\/div>\t\t\t\n\t\t\t\t\t<div class=\" pstyle2 pstyle3\">\t\t\n\t\t\t\t<div class=\"row\" id=\"em_load\" >\t\n\t\t\t\t\t\t\t\t\t\t\t<!-- single portfolio -->\n\t\t\t\t\t\t<div class=\"col-lg-3  eportfolio_item col-md-6 col-xs-12 col-sm-12 mermer-urunlerimiz    witr_all_mb_30\" >\n\t\t\t\t\t\t\t<div class=\"single_protfolio\">\n\t\t\t\t\t\t\t\t<div class=\"prot_thumb\">\n\t\t\t\t\t\t\t\t\t<img fetchpriority=\"high\" decoding=\"async\" width=\"1400\" height=\"876\" src=\"https:\/\/alternatifmermer.com.tr\/wp-content\/uploads\/2021\/04\/urun2b.png\" class=\"attachment-post-thumbnail size-post-thumbnail wp-post-image\" alt=\"\" srcset=\"https:\/\/alternatifmermer.com.tr\/wp-content\/uploads\/2021\/04\/urun2b.png 1400w, https:\/\/alternatifmermer.com.tr\/wp-content\/uploads\/2021\/04\/urun2b-300x188.png 300w, https:\/\/alternatifmermer.com.tr\/wp-content\/uploads\/2021\/04\/urun2b-1024x641.png 1024w, https:\/\/alternatifmermer.com.tr\/wp-content\/uploads\/2021\/04\/urun2b-768x481.png 768w\" sizes=\"(max-width: 1400px) 100vw, 1400px\" \/>\t\t\t\t\t\t\t\t\t<div class=\"prot_content\">\n\t\t\t\t\t\t\t\t\t\t<div class=\"prot_content_inner\">\t\t\t\t\t\t\t\t\t\t\n\t\t\t\t\t\t\t\t\t\t\t<h3><a href=\"https:\/\/alternatifmermer.com.tr\/index.php\/em_portfolios\/cream-beyaz-white-marble\/\">KREM BEYAZ CREAM WHITE KERVANSARAY<\/a><\/h3>\n\t\t\t\t\t\t\t\t\t\t<p>\t\t\t\t\t\t\t\t\t\t\t\t<span class=\"category-item-p\">\n\t\t\t\t\t\t\t\t\t\t\t\t   Mermer \u00dcr\u00fcnlerimiz\t\t\t\t\t\t\t\t\t\t\t\t<\/span>\t\t\t\t\t\t\t\t\t\t\t\t\t\t\t\t\t\t\t\n\t\t\t\t\t\t\t\t\t\t\t\t<\/p>\t\t\t\n\t\t\t\t\t\t\t\t\t\t<\/div>\n\t\t\t\t\t\t\t\t\t<\/div>\n\t\t\t\t\t\t\t\t\t<div class=\"em_plus_port\">\t\t\t\t\t\t\t\t\t\n\t\t\t\t\t\t\t\t\t\t<div class=\"picon\">\n\t\t\t\t\t\t\t\t\t\t\t\t\t\t\t\t\t\t\t\t\t<\/div>\n\t\t\t\t\t\t\t\t\t<\/div>\n\t\t\t\t\t\t\t\t<\/div>\t\t\t\t\n\t\t\t\t\t\t\t<\/div>\n\t\t\t\t\t\t<\/div>\n\t\t\t\t\t\t\t\t\t\t\t<!-- single portfolio -->\n\t\t\t\t\t\t<div class=\"col-lg-3  eportfolio_item col-md-6 col-xs-12 col-sm-12 mermer-urunlerimiz    witr_all_mb_30\" >\n\t\t\t\t\t\t\t<div class=\"single_protfolio\">\n\t\t\t\t\t\t\t\t<div class=\"prot_thumb\">\n\t\t\t\t\t\t\t\t\t<img decoding=\"async\" width=\"1400\" height=\"876\" src=\"https:\/\/alternatifmermer.com.tr\/wp-content\/uploads\/2021\/04\/urun3b.png\" class=\"attachment-post-thumbnail size-post-thumbnail wp-post-image\" alt=\"\" srcset=\"https:\/\/alternatifmermer.com.tr\/wp-content\/uploads\/2021\/04\/urun3b.png 1400w, https:\/\/alternatifmermer.com.tr\/wp-content\/uploads\/2021\/04\/urun3b-300x188.png 300w, https:\/\/alternatifmermer.com.tr\/wp-content\/uploads\/2021\/04\/urun3b-1024x641.png 1024w, https:\/\/alternatifmermer.com.tr\/wp-content\/uploads\/2021\/04\/urun3b-768x481.png 768w\" sizes=\"(max-width: 1400px) 100vw, 1400px\" \/>\t\t\t\t\t\t\t\t\t<div class=\"prot_content\">\n\t\t\t\t\t\t\t\t\t\t<div class=\"prot_content_inner\">\t\t\t\t\t\t\t\t\t\t\n\t\t\t\t\t\t\t\t\t\t\t<h3><a href=\"https:\/\/alternatifmermer.com.tr\/index.php\/em_portfolios\/cream-sari-yellow-marble-amasya\/\">KREM SARI CREAM YELLOW MARBLE KERVANSARAY<\/a><\/h3>\n\t\t\t\t\t\t\t\t\t\t<p>\t\t\t\t\t\t\t\t\t\t\t\t<span class=\"category-item-p\">\n\t\t\t\t\t\t\t\t\t\t\t\t   Mermer \u00dcr\u00fcnlerimiz\t\t\t\t\t\t\t\t\t\t\t\t<\/span>\t\t\t\t\t\t\t\t\t\t\t\t\t\t\t\t\t\t\t\n\t\t\t\t\t\t\t\t\t\t\t\t<\/p>\t\t\t\n\t\t\t\t\t\t\t\t\t\t<\/div>\n\t\t\t\t\t\t\t\t\t<\/div>\n\t\t\t\t\t\t\t\t\t<div class=\"em_plus_port\">\t\t\t\t\t\t\t\t\t\n\t\t\t\t\t\t\t\t\t\t<div class=\"picon\">\n\t\t\t\t\t\t\t\t\t\t\t\t\t\t\t\t\t\t\t\t\t<\/div>\n\t\t\t\t\t\t\t\t\t<\/div>\n\t\t\t\t\t\t\t\t<\/div>\t\t\t\t\n\t\t\t\t\t\t\t<\/div>\n\t\t\t\t\t\t<\/div>\n\t\t\t\t\t\t\t\t\t\t\t<!-- single portfolio -->\n\t\t\t\t\t\t<div class=\"col-lg-3  eportfolio_item col-md-6 col-xs-12 col-sm-12 mermer-urunlerimiz    witr_all_mb_30\" >\n\t\t\t\t\t\t\t<div class=\"single_protfolio\">\n\t\t\t\t\t\t\t\t<div class=\"prot_thumb\">\n\t\t\t\t\t\t\t\t\t<img decoding=\"async\" width=\"1400\" height=\"876\" src=\"https:\/\/alternatifmermer.com.tr\/wp-content\/uploads\/2021\/04\/urun1b.png\" class=\"attachment-post-thumbnail size-post-thumbnail wp-post-image\" alt=\"\" srcset=\"https:\/\/alternatifmermer.com.tr\/wp-content\/uploads\/2021\/04\/urun1b.png 1400w, https:\/\/alternatifmermer.com.tr\/wp-content\/uploads\/2021\/04\/urun1b-300x188.png 300w, https:\/\/alternatifmermer.com.tr\/wp-content\/uploads\/2021\/04\/urun1b-1024x641.png 1024w, https:\/\/alternatifmermer.com.tr\/wp-content\/uploads\/2021\/04\/urun1b-768x481.png 768w\" sizes=\"(max-width: 1400px) 100vw, 1400px\" \/>\t\t\t\t\t\t\t\t\t<div class=\"prot_content\">\n\t\t\t\t\t\t\t\t\t\t<div class=\"prot_content_inner\">\t\t\t\t\t\t\t\t\t\t\n\t\t\t\t\t\t\t\t\t\t\t<h3><a href=\"https:\/\/alternatifmermer.com.tr\/index.php\/em_portfolios\/cream-pink-marble-kervansaray-amasya\/\">AMASYA CREAM PINK MARBLE KERVANSARAY<\/a><\/h3>\n\t\t\t\t\t\t\t\t\t\t<p>\t\t\t\t\t\t\t\t\t\t\t\t<span class=\"category-item-p\">\n\t\t\t\t\t\t\t\t\t\t\t\t   Mermer \u00dcr\u00fcnlerimiz\t\t\t\t\t\t\t\t\t\t\t\t<\/span>\t\t\t\t\t\t\t\t\t\t\t\t\t\t\t\t\t\t\t\n\t\t\t\t\t\t\t\t\t\t\t\t<\/p>\t\t\t\n\t\t\t\t\t\t\t\t\t\t<\/div>\n\t\t\t\t\t\t\t\t\t<\/div>\n\t\t\t\t\t\t\t\t\t<div class=\"em_plus_port\">\t\t\t\t\t\t\t\t\t\n\t\t\t\t\t\t\t\t\t\t<div class=\"picon\">\n\t\t\t\t\t\t\t\t\t\t\t\t\t\t\t\t\t\t\t\t\t<\/div>\n\t\t\t\t\t\t\t\t\t<\/div>\n\t\t\t\t\t\t\t\t<\/div>\t\t\t\t\n\t\t\t\t\t\t\t<\/div>\n\t\t\t\t\t\t<\/div>\n\t\t\t\t\t\t\t\t\t\t\t<!-- single portfolio -->\n\t\t\t\t\t\t<div class=\"col-lg-3  eportfolio_item col-md-6 col-xs-12 col-sm-12 mermer-urunlerimiz    witr_all_mb_30\" >\n\t\t\t\t\t\t\t<div class=\"single_protfolio\">\n\t\t\t\t\t\t\t\t<div class=\"prot_thumb\">\n\t\t\t\t\t\t\t\t\t<img loading=\"lazy\" decoding=\"async\" width=\"1400\" height=\"876\" src=\"https:\/\/alternatifmermer.com.tr\/wp-content\/uploads\/2021\/04\/urun4b-1.png\" class=\"attachment-post-thumbnail size-post-thumbnail wp-post-image\" alt=\"\" srcset=\"https:\/\/alternatifmermer.com.tr\/wp-content\/uploads\/2021\/04\/urun4b-1.png 1400w, https:\/\/alternatifmermer.com.tr\/wp-content\/uploads\/2021\/04\/urun4b-1-300x188.png 300w, https:\/\/alternatifmermer.com.tr\/wp-content\/uploads\/2021\/04\/urun4b-1-1024x641.png 1024w, https:\/\/alternatifmermer.com.tr\/wp-content\/uploads\/2021\/04\/urun4b-1-768x481.png 768w\" sizes=\"(max-width: 1400px) 100vw, 1400px\" \/>\t\t\t\t\t\t\t\t\t<div class=\"prot_content\">\n\t\t\t\t\t\t\t\t\t\t<div class=\"prot_content_inner\">\t\t\t\t\t\t\t\t\t\t\n\t\t\t\t\t\t\t\t\t\t\t<h3><a href=\"https:\/\/alternatifmermer.com.tr\/index.php\/em_portfolios\/regal-bej-baliksirti-marble\/\">REGAL BEJ REGAL BALIK SIRTI MARBLE<\/a><\/h3>\n\t\t\t\t\t\t\t\t\t\t<p>\t\t\t\t\t\t\t\t\t\t\t\t<span class=\"category-item-p\">\n\t\t\t\t\t\t\t\t\t\t\t\t   Mermer \u00dcr\u00fcnlerimiz\t\t\t\t\t\t\t\t\t\t\t\t<\/span>\t\t\t\t\t\t\t\t\t\t\t\t\t\t\t\t\t\t\t\n\t\t\t\t\t\t\t\t\t\t\t\t<\/p>\t\t\t\n\t\t\t\t\t\t\t\t\t\t<\/div>\n\t\t\t\t\t\t\t\t\t<\/div>\n\t\t\t\t\t\t\t\t\t<div class=\"em_plus_port\">\t\t\t\t\t\t\t\t\t\n\t\t\t\t\t\t\t\t\t\t<div class=\"picon\">\n\t\t\t\t\t\t\t\t\t\t\t\t\t\t\t\t\t\t\t\t\t<\/div>\n\t\t\t\t\t\t\t\t\t<\/div>\n\t\t\t\t\t\t\t\t<\/div>\t\t\t\t\n\t\t\t\t\t\t\t<\/div>\n\t\t\t\t\t\t<\/div>\n\t\t\t\t\t\t\t\t\t\t\t<!-- single portfolio -->\n\t\t\t\t\t\t<div class=\"col-lg-3  eportfolio_item col-md-6 col-xs-12 col-sm-12 mermer-urunlerimiz    witr_all_mb_30\" >\n\t\t\t\t\t\t\t<div class=\"single_protfolio\">\n\t\t\t\t\t\t\t\t<div class=\"prot_thumb\">\n\t\t\t\t\t\t\t\t\t<img loading=\"lazy\" decoding=\"async\" width=\"1400\" height=\"876\" src=\"https:\/\/alternatifmermer.com.tr\/wp-content\/uploads\/2021\/04\/urun5b-2.png\" class=\"attachment-post-thumbnail size-post-thumbnail wp-post-image\" alt=\"\" srcset=\"https:\/\/alternatifmermer.com.tr\/wp-content\/uploads\/2021\/04\/urun5b-2.png 1400w, https:\/\/alternatifmermer.com.tr\/wp-content\/uploads\/2021\/04\/urun5b-2-300x188.png 300w, https:\/\/alternatifmermer.com.tr\/wp-content\/uploads\/2021\/04\/urun5b-2-1024x641.png 1024w, https:\/\/alternatifmermer.com.tr\/wp-content\/uploads\/2021\/04\/urun5b-2-768x481.png 768w\" sizes=\"(max-width: 1400px) 100vw, 1400px\" \/>\t\t\t\t\t\t\t\t\t<div class=\"prot_content\">\n\t\t\t\t\t\t\t\t\t\t<div class=\"prot_content_inner\">\t\t\t\t\t\t\t\t\t\t\n\t\t\t\t\t\t\t\t\t\t\t<h3><a href=\"https:\/\/alternatifmermer.com.tr\/index.php\/em_portfolios\/regal-bej-dark-marble\/\">REGAL BEJ DARK MARBLE<\/a><\/h3>\n\t\t\t\t\t\t\t\t\t\t<p>\t\t\t\t\t\t\t\t\t\t\t\t<span class=\"category-item-p\">\n\t\t\t\t\t\t\t\t\t\t\t\t   Mermer \u00dcr\u00fcnlerimiz\t\t\t\t\t\t\t\t\t\t\t\t<\/span>\t\t\t\t\t\t\t\t\t\t\t\t\t\t\t\t\t\t\t\n\t\t\t\t\t\t\t\t\t\t\t\t<\/p>\t\t\t\n\t\t\t\t\t\t\t\t\t\t<\/div>\n\t\t\t\t\t\t\t\t\t<\/div>\n\t\t\t\t\t\t\t\t\t<div class=\"em_plus_port\">\t\t\t\t\t\t\t\t\t\n\t\t\t\t\t\t\t\t\t\t<div class=\"picon\">\n\t\t\t\t\t\t\t\t\t\t\t\t\t\t\t\t\t\t\t\t\t<\/div>\n\t\t\t\t\t\t\t\t\t<\/div>\n\t\t\t\t\t\t\t\t<\/div>\t\t\t\t\n\t\t\t\t\t\t\t<\/div>\n\t\t\t\t\t\t<\/div>\n\t\t\t\t\t\t\t\t\t\t\t<!-- single portfolio -->\n\t\t\t\t\t\t<div class=\"col-lg-3  eportfolio_item col-md-6 col-xs-12 col-sm-12 mermer-urunlerimiz    witr_all_mb_30\" >\n\t\t\t\t\t\t\t<div class=\"single_protfolio\">\n\t\t\t\t\t\t\t\t<div class=\"prot_thumb\">\n\t\t\t\t\t\t\t\t\t<img loading=\"lazy\" decoding=\"async\" width=\"1400\" height=\"876\" src=\"https:\/\/alternatifmermer.com.tr\/wp-content\/uploads\/2021\/04\/urun6b-1.png\" class=\"attachment-post-thumbnail size-post-thumbnail wp-post-image\" alt=\"\" srcset=\"https:\/\/alternatifmermer.com.tr\/wp-content\/uploads\/2021\/04\/urun6b-1.png 1400w, https:\/\/alternatifmermer.com.tr\/wp-content\/uploads\/2021\/04\/urun6b-1-300x188.png 300w, https:\/\/alternatifmermer.com.tr\/wp-content\/uploads\/2021\/04\/urun6b-1-1024x641.png 1024w, https:\/\/alternatifmermer.com.tr\/wp-content\/uploads\/2021\/04\/urun6b-1-768x481.png 768w\" sizes=\"(max-width: 1400px) 100vw, 1400px\" \/>\t\t\t\t\t\t\t\t\t<div class=\"prot_content\">\n\t\t\t\t\t\t\t\t\t\t<div class=\"prot_content_inner\">\t\t\t\t\t\t\t\t\t\t\n\t\t\t\t\t\t\t\t\t\t\t<h3><a href=\"https:\/\/alternatifmermer.com.tr\/index.php\/em_portfolios\/regal-bej-regal-light-marble\/\">REGAL BEJ REGAL LIGHT MARBLE<\/a><\/h3>\n\t\t\t\t\t\t\t\t\t\t<p>\t\t\t\t\t\t\t\t\t\t\t\t<span class=\"category-item-p\">\n\t\t\t\t\t\t\t\t\t\t\t\t   Mermer \u00dcr\u00fcnlerimiz\t\t\t\t\t\t\t\t\t\t\t\t<\/span>\t\t\t\t\t\t\t\t\t\t\t\t\t\t\t\t\t\t\t\n\t\t\t\t\t\t\t\t\t\t\t\t<\/p>\t\t\t\n\t\t\t\t\t\t\t\t\t\t<\/div>\n\t\t\t\t\t\t\t\t\t<\/div>\n\t\t\t\t\t\t\t\t\t<div class=\"em_plus_port\">\t\t\t\t\t\t\t\t\t\n\t\t\t\t\t\t\t\t\t\t<div class=\"picon\">\n\t\t\t\t\t\t\t\t\t\t\t\t\t\t\t\t\t\t\t\t\t<\/div>\n\t\t\t\t\t\t\t\t\t<\/div>\n\t\t\t\t\t\t\t\t<\/div>\t\t\t\t\n\t\t\t\t\t\t\t<\/div>\n\t\t\t\t\t\t<\/div>\n\t\t\t\t\t\t\t\t\t\t\t<!-- single portfolio -->\n\t\t\t\t\t\t<div class=\"col-lg-3  eportfolio_item col-md-6 col-xs-12 col-sm-12 mermer-urunlerimiz    witr_all_mb_30\" >\n\t\t\t\t\t\t\t<div class=\"single_protfolio\">\n\t\t\t\t\t\t\t\t<div class=\"prot_thumb\">\n\t\t\t\t\t\t\t\t\t<img loading=\"lazy\" decoding=\"async\" width=\"1400\" height=\"876\" src=\"https:\/\/alternatifmermer.com.tr\/wp-content\/uploads\/2021\/04\/urun7b.png\" class=\"attachment-post-thumbnail size-post-thumbnail wp-post-image\" alt=\"\" srcset=\"https:\/\/alternatifmermer.com.tr\/wp-content\/uploads\/2021\/04\/urun7b.png 1400w, https:\/\/alternatifmermer.com.tr\/wp-content\/uploads\/2021\/04\/urun7b-300x188.png 300w, https:\/\/alternatifmermer.com.tr\/wp-content\/uploads\/2021\/04\/urun7b-1024x641.png 1024w, https:\/\/alternatifmermer.com.tr\/wp-content\/uploads\/2021\/04\/urun7b-768x481.png 768w\" sizes=\"(max-width: 1400px) 100vw, 1400px\" \/>\t\t\t\t\t\t\t\t\t<div class=\"prot_content\">\n\t\t\t\t\t\t\t\t\t\t<div class=\"prot_content_inner\">\t\t\t\t\t\t\t\t\t\t\n\t\t\t\t\t\t\t\t\t\t\t<h3><a href=\"https:\/\/alternatifmermer.com.tr\/index.php\/em_portfolios\/regal-bej-regal-spoty-marble\/\">REGAL BEJ REGAL SPOTY<\/a><\/h3>\n\t\t\t\t\t\t\t\t\t\t<p>\t\t\t\t\t\t\t\t\t\t\t\t<span class=\"category-item-p\">\n\t\t\t\t\t\t\t\t\t\t\t\t   Mermer \u00dcr\u00fcnlerimiz\t\t\t\t\t\t\t\t\t\t\t\t<\/span>\t\t\t\t\t\t\t\t\t\t\t\t\t\t\t\t\t\t\t\n\t\t\t\t\t\t\t\t\t\t\t\t<\/p>\t\t\t\n\t\t\t\t\t\t\t\t\t\t<\/div>\n\t\t\t\t\t\t\t\t\t<\/div>\n\t\t\t\t\t\t\t\t\t<div class=\"em_plus_port\">\t\t\t\t\t\t\t\t\t\n\t\t\t\t\t\t\t\t\t\t<div class=\"picon\">\n\t\t\t\t\t\t\t\t\t\t\t\t\t\t\t\t\t\t\t\t\t<\/div>\n\t\t\t\t\t\t\t\t\t<\/div>\n\t\t\t\t\t\t\t\t<\/div>\t\t\t\t\n\t\t\t\t\t\t\t<\/div>\n\t\t\t\t\t\t<\/div>\n\t\t\t\t\t\t\n\t\t\t\t\t\t\t\t\t<\/div>\n\t\t\t<\/div>\t\t\t\t\t\n\t\t\t\t\t\t\t<\/div>\n\t\t\t\t<\/div>\n\t\t\t\t\t<\/div>\n\t\t<\/div>\n\t\t\t\t\t<\/div>\n\t\t<\/section>\n\t\t\t\t<\/div>\n\t\t","protected":false},"excerpt":{"rendered":"<p>Projeleriniz \u0130\u00e7in \u00d6zel Mermer \u00c7\u00f6z\u00fcmleri Mek\u00e2nlar\u0131n\u0131za De\u011fer Katan Mermer Se\u00e7enekleri T\u00dcM\u00dc Mermer \u00dcr\u00fcnlerimiz KREM BEYAZ CREAM WHITE KERVANSARAY Mermer \u00dcr\u00fcnlerimiz KREM SARI CREAM YELLOW MARBLE KERVANSARAY Mermer \u00dcr\u00fcnlerimiz AMASYA CREAM PINK MARBLE KERVANSARAY Mermer \u00dcr\u00fcnlerimiz REGAL BEJ REGAL BALIK SIRTI MARBLE Mermer \u00dcr\u00fcnlerimiz REGAL BEJ DARK MARBLE Mermer \u00dcr\u00fcnlerimiz REGAL BEJ REGAL LIGHT MARBLE Mermer [&hellip;]<\/p>\n","protected":false},"author":1,"featured_media":0,"parent":0,"menu_order":0,"comment_status":"closed","ping_status":"closed","template":"template-home.php","meta":{"footnotes":""},"class_list":["post-10291","page","type-page","status-publish","hentry"],"_links":{"self":[{"href":"https:\/\/alternatifmermer.com.tr\/index.php\/wp-json\/wp\/v2\/pages\/10291","targetHints":{"allow":["GET"]}}],"collection":[{"href":"https:\/\/alternatifmermer.com.tr\/index.php\/wp-json\/wp\/v2\/pages"}],"about":[{"href":"https:\/\/alternatifmermer.com.tr\/index.php\/wp-json\/wp\/v2\/types\/page"}],"author":[{"embeddable":true,"href":"https:\/\/alternatifmermer.com.tr\/index.php\/wp-json\/wp\/v2\/users\/1"}],"replies":[{"embeddable":true,"href":"https:\/\/alternatifmermer.com.tr\/index.php\/wp-json\/wp\/v2\/comments?post=10291"}],"version-history":[{"count":11,"href":"https:\/\/alternatifmermer.com.tr\/index.php\/wp-json\/wp\/v2\/pages\/10291\/revisions"}],"predecessor-version":[{"id":14194,"href":"https:\/\/alternatifmermer.com.tr\/index.php\/wp-json\/wp\/v2\/pages\/10291\/revisions\/14194"}],"wp:attachment":[{"href":"https:\/\/alternatifmermer.com.tr\/index.php\/wp-json\/wp\/v2\/media?parent=10291"}],"curies":[{"name":"wp","href":"https:\/\/api.w.org\/{rel}","templated":true}]}}